{"id":1322,"date":"2023-11-15T00:49:00","date_gmt":"2023-11-14T23:49:00","guid":{"rendered":"https:\/\/crystapc.fkit.hr\/?page_id=1322"},"modified":"2024-03-29T08:55:29","modified_gmt":"2024-03-29T07:55:29","slug":"predavanje-pred-udrugom-kemijskih-inzenjera-i-tehnologa-split","status":"publish","type":"page","link":"https:\/\/crystapc.fkit.hr\/?page_id=1322","title":{"rendered":"Predavanje pred Udrugom kemijskih in\u017eenjera i tehnologa Split"},"content":{"rendered":"\t\t<div data-elementor-type=\"wp-page\" data-elementor-id=\"1322\" class=\"elementor elementor-1322\">\n\t\t\t\t\t\t<section class=\"elementor-section elementor-top-section elementor-element elementor-element-290f2f5 elementor-section-boxed elementor-section-height-default elementor-section-height-default\" data-id=\"290f2f5\" data-element_type=\"section\">\n\t\t\t\t\t\t<div class=\"elementor-container elementor-column-gap-default\">\n\t\t\t\t\t<div class=\"elementor-column elementor-col-100 elementor-top-column elementor-element elementor-element-a4fedf6\" data-id=\"a4fedf6\" data-element_type=\"column\">\n\t\t\t<div class=\"elementor-widget-wrap elementor-element-populated\">\n\t\t\t\t\t\t<div class=\"elementor-element elementor-element-ac853dd elementor-widget elementor-widget-image\" data-id=\"ac853dd\" data-element_type=\"widget\" data-widget_type=\"image.default\">\n\t\t\t\t<div class=\"elementor-widget-container\">\n\t\t\t\t\t\t\t\t\t\t\t\t\t\t\t<img fetchpriority=\"high\" decoding=\"async\" width=\"768\" height=\"125\" src=\"https:\/\/crystapc.fkit.hr\/wp-content\/uploads\/2024\/03\/retard-768x125.png\" class=\"attachment-medium_large size-medium_large wp-image-1488\" alt=\"\" srcset=\"https:\/\/crystapc.fkit.hr\/wp-content\/uploads\/2024\/03\/retard-768x125.png 768w, https:\/\/crystapc.fkit.hr\/wp-content\/uploads\/2024\/03\/retard-300x49.png 300w, https:\/\/crystapc.fkit.hr\/wp-content\/uploads\/2024\/03\/retard-1024x167.png 1024w, https:\/\/crystapc.fkit.hr\/wp-content\/uploads\/2024\/03\/retard-18x3.png 18w, https:\/\/crystapc.fkit.hr\/wp-content\/uploads\/2024\/03\/retard.png 1359w\" sizes=\"(max-width: 768px) 100vw, 768px\" \/>\t\t\t\t\t\t\t\t\t\t\t\t\t\t\t<\/div>\n\t\t\t\t<\/div>\n\t\t\t\t\t<\/div>\n\t\t<\/div>\n\t\t\t\t\t<\/div>\n\t\t<\/section>\n\t\t\t\t<section class=\"elementor-section elementor-top-section elementor-element elementor-element-f5d4247 elementor-section-boxed elementor-section-height-default elementor-section-height-default\" data-id=\"f5d4247\" data-element_type=\"section\">\n\t\t\t\t\t\t<div class=\"elementor-container elementor-column-gap-default\">\n\t\t\t\t\t<div class=\"elementor-column elementor-col-100 elementor-top-column elementor-element elementor-element-24b18bb\" data-id=\"24b18bb\" data-element_type=\"column\">\n\t\t\t<div class=\"elementor-widget-wrap elementor-element-populated\">\n\t\t\t\t\t\t<div class=\"elementor-element elementor-element-84db3cb elementor-widget elementor-widget-text-editor\" data-id=\"84db3cb\" data-element_type=\"widget\" data-widget_type=\"text-editor.default\">\n\t\t\t\t<div class=\"elementor-widget-container\">\n\t\t\t\t\t\t\t\t\t<p>Voditelj projekta CrystAPC Nenad Bolf i doktorandica Matea Gavran odr\u017eali su 12. listopada 2023. na Kemijsko-tehnolo\u0161kom fakultetu u Splitu predavanje o procesnoj analiti\u010dkoj tehnologiji i primjeni u farmaceutskoj industriji u organizaciji Hrvatskog dru\u0161tva kemijskih in\u017eenjera \u2013 Udruge kemijskih in\u017eenjera i tehnologa Split. <br \/>Profesor Bolf je predstavio projekt CrystAPC i predstavio na\u010din primjene procesne analiti\u010dke tehnologije u suvremenim sustavima za vo\u0111enje. Matea Gavran predstavila je svoje istra\u017eivanje u sklopu projekta kojim je prikazala korake pri primjeni PAT-a za napredno vo\u0111enje procesa, kao i probleme koji mogu nastupiti, ali i kako ih rije\u0161iti. <br \/>Nakon prezentacije slijedila je dulja rasprava o primjeni umjetne inteligencije, kao i izazovima koje nove paradigme donose visokom obrazovanju.<\/p>\t\t\t\t\t\t\t\t<\/div>\n\t\t\t\t<\/div>\n\t\t\t\t\t<\/div>\n\t\t<\/div>\n\t\t\t\t\t<\/div>\n\t\t<\/section>\n\t\t\t\t<section class=\"elementor-section elementor-top-section elementor-element elementor-element-e289ced elementor-section-boxed elementor-section-height-default elementor-section-height-default\" data-id=\"e289ced\" data-element_type=\"section\">\n\t\t\t\t\t\t<div class=\"elementor-container elementor-column-gap-default\">\n\t\t\t\t\t<div class=\"elementor-column elementor-col-100 elementor-top-column elementor-element elementor-element-e3b8df0\" data-id=\"e3b8df0\" data-element_type=\"column\">\n\t\t\t<div class=\"elementor-widget-wrap elementor-element-populated\">\n\t\t\t\t\t\t<div class=\"elementor-element elementor-element-4d61440 elementor-widget elementor-widget-image\" data-id=\"4d61440\" data-element_type=\"widget\" data-widget_type=\"image.default\">\n\t\t\t\t<div class=\"elementor-widget-container\">\n\t\t\t\t\t\t\t\t\t\t\t\t\t\t\t<img decoding=\"async\" width=\"768\" height=\"346\" src=\"https:\/\/crystapc.fkit.hr\/wp-content\/uploads\/2023\/11\/uiluiliu-768x346.jpg\" class=\"attachment-medium_large size-medium_large wp-image-1324\" alt=\"\" srcset=\"https:\/\/crystapc.fkit.hr\/wp-content\/uploads\/2023\/11\/uiluiliu-768x346.jpg 768w, https:\/\/crystapc.fkit.hr\/wp-content\/uploads\/2023\/11\/uiluiliu-300x135.jpg 300w, https:\/\/crystapc.fkit.hr\/wp-content\/uploads\/2023\/11\/uiluiliu-18x8.jpg 18w, https:\/\/crystapc.fkit.hr\/wp-content\/uploads\/2023\/11\/uiluiliu.jpg 1024w\" sizes=\"(max-width: 768px) 100vw, 768px\" \/>\t\t\t\t\t\t\t\t\t\t\t\t\t\t\t<\/div>\n\t\t\t\t<\/div>\n\t\t\t\t\t<\/div>\n\t\t<\/div>\n\t\t\t\t\t<\/div>\n\t\t<\/section>\n\t\t\t\t<\/div>\n\t\t","protected":false},"excerpt":{"rendered":"<p>Voditelj projekta CrystAPC Nenad Bolf i doktorandica Matea Gavran odr\u017eali su 12. listopada 2023. na Kemijsko-tehnolo\u0161kom fakultetu u Splitu predavanje o procesnoj analiti\u010dkoj tehnologiji i primjeni u farmaceutskoj industriji u organizaciji Hrvatskog dru\u0161tva kemijskih in\u017eenjera \u2013 Udruge kemijskih in\u017eenjera i tehnologa Split. Profesor Bolf je predstavio projekt CrystAPC i predstavio na\u010din primjene procesne analiti\u010dke tehnologije [&hellip;]<\/p>\n","protected":false},"author":1,"featured_media":0,"parent":0,"menu_order":0,"comment_status":"closed","ping_status":"closed","template":"","meta":{"ngg_post_thumbnail":0,"footnotes":""},"class_list":["post-1322","page","type-page","status-publish","hentry"],"_links":{"self":[{"href":"https:\/\/crystapc.fkit.hr\/index.php?rest_route=\/wp\/v2\/pages\/1322","targetHints":{"allow":["GET"]}}],"collection":[{"href":"https:\/\/crystapc.fkit.hr\/index.php?rest_route=\/wp\/v2\/pages"}],"about":[{"href":"https:\/\/crystapc.fkit.hr\/index.php?rest_route=\/wp\/v2\/types\/page"}],"author":[{"embeddable":true,"href":"https:\/\/crystapc.fkit.hr\/index.php?rest_route=\/wp\/v2\/users\/1"}],"replies":[{"embeddable":true,"href":"https:\/\/crystapc.fkit.hr\/index.php?rest_route=%2Fwp%2Fv2%2Fcomments&post=1322"}],"version-history":[{"count":7,"href":"https:\/\/crystapc.fkit.hr\/index.php?rest_route=\/wp\/v2\/pages\/1322\/revisions"}],"predecessor-version":[{"id":1518,"href":"https:\/\/crystapc.fkit.hr\/index.php?rest_route=\/wp\/v2\/pages\/1322\/revisions\/1518"}],"wp:attachment":[{"href":"https:\/\/crystapc.fkit.hr\/index.php?rest_route=%2Fwp%2Fv2%2Fmedia&parent=1322"}],"curies":[{"name":"wp","href":"https:\/\/api.w.org\/{rel}","templated":true}]}}