{"id":1328,"date":"2023-11-15T00:49:32","date_gmt":"2023-11-14T23:49:32","guid":{"rendered":"https:\/\/crystapc.fkit.hr\/?page_id=1328"},"modified":"2024-03-29T08:55:50","modified_gmt":"2024-03-29T07:55:50","slug":"msv-international-engineering-fair-2023","status":"publish","type":"page","link":"https:\/\/crystapc.fkit.hr\/?page_id=1328","title":{"rendered":"MSV International Engineering Fair 2023"},"content":{"rendered":"\t\t<div data-elementor-type=\"wp-page\" data-elementor-id=\"1328\" class=\"elementor elementor-1328\">\n\t\t\t\t\t\t<section class=\"elementor-section elementor-top-section elementor-element elementor-element-400a7db elementor-section-boxed elementor-section-height-default elementor-section-height-default\" data-id=\"400a7db\" data-element_type=\"section\">\n\t\t\t\t\t\t<div class=\"elementor-container elementor-column-gap-default\">\n\t\t\t\t\t<div class=\"elementor-column elementor-col-100 elementor-top-column elementor-element elementor-element-f056081\" data-id=\"f056081\" data-element_type=\"column\">\n\t\t\t<div class=\"elementor-widget-wrap elementor-element-populated\">\n\t\t\t\t\t\t<div class=\"elementor-element elementor-element-b5c7b92 elementor-widget elementor-widget-image\" data-id=\"b5c7b92\" data-element_type=\"widget\" data-widget_type=\"image.default\">\n\t\t\t\t<div class=\"elementor-widget-container\">\n\t\t\t\t\t\t\t\t\t\t\t\t\t\t\t<img fetchpriority=\"high\" decoding=\"async\" width=\"768\" height=\"125\" src=\"https:\/\/crystapc.fkit.hr\/wp-content\/uploads\/2024\/03\/retard-768x125.png\" class=\"attachment-medium_large size-medium_large wp-image-1488\" alt=\"\" srcset=\"https:\/\/crystapc.fkit.hr\/wp-content\/uploads\/2024\/03\/retard-768x125.png 768w, https:\/\/crystapc.fkit.hr\/wp-content\/uploads\/2024\/03\/retard-300x49.png 300w, https:\/\/crystapc.fkit.hr\/wp-content\/uploads\/2024\/03\/retard-1024x167.png 1024w, https:\/\/crystapc.fkit.hr\/wp-content\/uploads\/2024\/03\/retard-18x3.png 18w, https:\/\/crystapc.fkit.hr\/wp-content\/uploads\/2024\/03\/retard.png 1359w\" sizes=\"(max-width: 768px) 100vw, 768px\" \/>\t\t\t\t\t\t\t\t\t\t\t\t\t\t\t<\/div>\n\t\t\t\t<\/div>\n\t\t\t\t\t<\/div>\n\t\t<\/div>\n\t\t\t\t\t<\/div>\n\t\t<\/section>\n\t\t\t\t<section class=\"elementor-section elementor-top-section elementor-element elementor-element-a67a9be elementor-section-boxed elementor-section-height-default elementor-section-height-default\" data-id=\"a67a9be\" data-element_type=\"section\">\n\t\t\t\t\t\t<div class=\"elementor-container elementor-column-gap-default\">\n\t\t\t\t\t<div class=\"elementor-column elementor-col-100 elementor-top-column elementor-element elementor-element-6a015e9\" data-id=\"6a015e9\" data-element_type=\"column\">\n\t\t\t<div class=\"elementor-widget-wrap elementor-element-populated\">\n\t\t\t\t\t\t<div class=\"elementor-element elementor-element-090b223 elementor-widget elementor-widget-text-editor\" data-id=\"090b223\" data-element_type=\"widget\" data-widget_type=\"text-editor.default\">\n\t\t\t\t<div class=\"elementor-widget-container\">\n\t\t\t\t\t\t\t\t\t<p>Na Me\u0111unarodnom in\u017eenjerskom sajmu MSV u Brnu, koji se odr\u017eao od 10. do 13. listopada, glavne teme bile su digitalna tvornica i umjetna inteligencija. Vidjeli smo prezentacije o Digitalnoj tvornici 2.0, upoznali brojne izlaga\u010de, upoznali primjere iz prakse i uspostavili nekoliko kontakata s potencijalnim partnerima.<br \/>Jedna od tema Industrije 4.0 bilo je umre\u017eavanje industrijskih tvrtki i sigurnost. Organizirani su i seminari o novim i nekonvencionalnim tehnologijama za napredno in\u017eenjerstvo.<\/p>\t\t\t\t\t\t\t\t<\/div>\n\t\t\t\t<\/div>\n\t\t\t\t\t<\/div>\n\t\t<\/div>\n\t\t\t\t\t<\/div>\n\t\t<\/section>\n\t\t\t\t<section class=\"elementor-section elementor-top-section elementor-element elementor-element-5bec2ae elementor-section-boxed elementor-section-height-default elementor-section-height-default\" data-id=\"5bec2ae\" data-element_type=\"section\">\n\t\t\t\t\t\t<div class=\"elementor-container elementor-column-gap-default\">\n\t\t\t\t\t<div class=\"elementor-column elementor-col-100 elementor-top-column elementor-element elementor-element-f329994\" data-id=\"f329994\" data-element_type=\"column\">\n\t\t\t<div class=\"elementor-widget-wrap elementor-element-populated\">\n\t\t\t\t\t\t<div class=\"elementor-element elementor-element-f81a401 elementor-widget elementor-widget-image\" data-id=\"f81a401\" data-element_type=\"widget\" data-widget_type=\"image.default\">\n\t\t\t\t<div class=\"elementor-widget-container\">\n\t\t\t\t\t\t\t\t\t\t\t\t\t\t\t<img decoding=\"async\" width=\"755\" height=\"424\" src=\"https:\/\/crystapc.fkit.hr\/wp-content\/uploads\/2023\/11\/nghngnhhg.jpg\" class=\"attachment-large size-large wp-image-1330\" alt=\"\" srcset=\"https:\/\/crystapc.fkit.hr\/wp-content\/uploads\/2023\/11\/nghngnhhg.jpg 755w, https:\/\/crystapc.fkit.hr\/wp-content\/uploads\/2023\/11\/nghngnhhg-300x168.jpg 300w, https:\/\/crystapc.fkit.hr\/wp-content\/uploads\/2023\/11\/nghngnhhg-18x10.jpg 18w\" sizes=\"(max-width: 755px) 100vw, 755px\" \/>\t\t\t\t\t\t\t\t\t\t\t\t\t\t\t<\/div>\n\t\t\t\t<\/div>\n\t\t\t\t\t<\/div>\n\t\t<\/div>\n\t\t\t\t\t<\/div>\n\t\t<\/section>\n\t\t\t\t<\/div>\n\t\t","protected":false},"excerpt":{"rendered":"<p>Na Me\u0111unarodnom in\u017eenjerskom sajmu MSV u Brnu, koji se odr\u017eao od 10. do 13. listopada, glavne teme bile su digitalna tvornica i umjetna inteligencija. Vidjeli smo prezentacije o Digitalnoj tvornici 2.0, upoznali brojne izlaga\u010de, upoznali primjere iz prakse i uspostavili nekoliko kontakata s potencijalnim partnerima.Jedna od tema Industrije 4.0 bilo je umre\u017eavanje industrijskih tvrtki i [&hellip;]<\/p>\n","protected":false},"author":1,"featured_media":0,"parent":0,"menu_order":0,"comment_status":"closed","ping_status":"closed","template":"","meta":{"ngg_post_thumbnail":0,"footnotes":""},"class_list":["post-1328","page","type-page","status-publish","hentry"],"_links":{"self":[{"href":"https:\/\/crystapc.fkit.hr\/index.php?rest_route=\/wp\/v2\/pages\/1328","targetHints":{"allow":["GET"]}}],"collection":[{"href":"https:\/\/crystapc.fkit.hr\/index.php?rest_route=\/wp\/v2\/pages"}],"about":[{"href":"https:\/\/crystapc.fkit.hr\/index.php?rest_route=\/wp\/v2\/types\/page"}],"author":[{"embeddable":true,"href":"https:\/\/crystapc.fkit.hr\/index.php?rest_route=\/wp\/v2\/users\/1"}],"replies":[{"embeddable":true,"href":"https:\/\/crystapc.fkit.hr\/index.php?rest_route=%2Fwp%2Fv2%2Fcomments&post=1328"}],"version-history":[{"count":7,"href":"https:\/\/crystapc.fkit.hr\/index.php?rest_route=\/wp\/v2\/pages\/1328\/revisions"}],"predecessor-version":[{"id":1521,"href":"https:\/\/crystapc.fkit.hr\/index.php?rest_route=\/wp\/v2\/pages\/1328\/revisions\/1521"}],"wp:attachment":[{"href":"https:\/\/crystapc.fkit.hr\/index.php?rest_route=%2Fwp%2Fv2%2Fmedia&parent=1328"}],"curies":[{"name":"wp","href":"https:\/\/api.w.org\/{rel}","templated":true}]}}