{"id":1399,"date":"2024-01-20T18:01:26","date_gmt":"2024-01-20T17:01:26","guid":{"rendered":"https:\/\/crystapc.fkit.hr\/?page_id=1399"},"modified":"2024-03-29T08:54:47","modified_gmt":"2024-03-29T07:54:47","slug":"posjet-kampusu-fh-wien","status":"publish","type":"page","link":"https:\/\/crystapc.fkit.hr\/?page_id=1399","title":{"rendered":"Posjet kampusu FH Wien"},"content":{"rendered":"\t\t<div data-elementor-type=\"wp-page\" data-elementor-id=\"1399\" class=\"elementor elementor-1399\">\n\t\t\t\t\t\t<section class=\"elementor-section elementor-top-section elementor-element elementor-element-84a421a elementor-section-boxed elementor-section-height-default elementor-section-height-default\" data-id=\"84a421a\" data-element_type=\"section\">\n\t\t\t\t\t\t<div class=\"elementor-container elementor-column-gap-default\">\n\t\t\t\t\t<div class=\"elementor-column elementor-col-100 elementor-top-column elementor-element elementor-element-c43b178\" data-id=\"c43b178\" data-element_type=\"column\">\n\t\t\t<div class=\"elementor-widget-wrap elementor-element-populated\">\n\t\t\t\t\t\t<div class=\"elementor-element elementor-element-0efa64b elementor-widget elementor-widget-image\" data-id=\"0efa64b\" data-element_type=\"widget\" data-widget_type=\"image.default\">\n\t\t\t\t<div class=\"elementor-widget-container\">\n\t\t\t\t\t\t\t\t\t\t\t\t\t\t\t<img fetchpriority=\"high\" decoding=\"async\" width=\"768\" height=\"125\" src=\"https:\/\/crystapc.fkit.hr\/wp-content\/uploads\/2024\/03\/retard-768x125.png\" class=\"attachment-medium_large size-medium_large wp-image-1488\" alt=\"\" srcset=\"https:\/\/crystapc.fkit.hr\/wp-content\/uploads\/2024\/03\/retard-768x125.png 768w, https:\/\/crystapc.fkit.hr\/wp-content\/uploads\/2024\/03\/retard-300x49.png 300w, https:\/\/crystapc.fkit.hr\/wp-content\/uploads\/2024\/03\/retard-1024x167.png 1024w, https:\/\/crystapc.fkit.hr\/wp-content\/uploads\/2024\/03\/retard-18x3.png 18w, https:\/\/crystapc.fkit.hr\/wp-content\/uploads\/2024\/03\/retard.png 1359w\" sizes=\"(max-width: 768px) 100vw, 768px\" \/>\t\t\t\t\t\t\t\t\t\t\t\t\t\t\t<\/div>\n\t\t\t\t<\/div>\n\t\t\t\t\t<\/div>\n\t\t<\/div>\n\t\t\t\t\t<\/div>\n\t\t<\/section>\n\t\t\t\t<section class=\"elementor-section elementor-top-section elementor-element elementor-element-4ed56fe elementor-section-boxed elementor-section-height-default elementor-section-height-default\" data-id=\"4ed56fe\" data-element_type=\"section\">\n\t\t\t\t\t\t<div class=\"elementor-container elementor-column-gap-default\">\n\t\t\t\t\t<div class=\"elementor-column elementor-col-100 elementor-top-column elementor-element elementor-element-d258ae8\" data-id=\"d258ae8\" data-element_type=\"column\">\n\t\t\t<div class=\"elementor-widget-wrap elementor-element-populated\">\n\t\t\t\t\t\t<div class=\"elementor-element elementor-element-9b423e0 elementor-widget elementor-widget-text-editor\" data-id=\"9b423e0\" data-element_type=\"widget\" data-widget_type=\"text-editor.default\">\n\t\t\t\t<div class=\"elementor-widget-container\">\n\t\t\t\t\t\t\t\t\t<p>Na\u0161 tim je 7. prosinca 2023. posjetio Sveu\u010dili\u0161te primijenjenih znanosti FH Campus Wien. FH kampus poznat je po bliskoj povezanosti s industrijom, \u0161to studentima omogu\u0107uje stjecanje prakti\u010dnog iskustva i izravno uklju\u010divanje u istra\u017eivanje.<\/p><p>Tijekom posjeta imali smo zadovoljstvo upoznati prof. Michaela Maurera i njegove kolege s kojima smo obi\u0161li u\u010dionice i laboratorije Zavoda za bioin\u017eenjerstvo. Tijekom obilaska laboratorija, razmijenili smo informacije i iskustava.<span style=\"color: var( --e-global-color-text ); font-family: var( --e-global-typography-text-font-family ), Sans-serif; font-weight: var( --e-global-typography-text-font-weight ); font-size: 1rem;\">\u00a0<\/span><\/p><p>Ovaj posjet obogatio je na\u0161u istra\u017eiva\u010dku grupu, pru\u017eiv\u0161i nam uvid u najnovije inovacije, mogu\u0107nosti industrijskog istra\u017eivanja i bolje razumijevanje suradnje industrije i sveu\u010dili\u0161ta.<\/p>\t\t\t\t\t\t\t\t<\/div>\n\t\t\t\t<\/div>\n\t\t\t\t\t<\/div>\n\t\t<\/div>\n\t\t\t\t\t<\/div>\n\t\t<\/section>\n\t\t\t\t<section class=\"elementor-section elementor-top-section elementor-element elementor-element-b7cfb4b elementor-section-boxed elementor-section-height-default elementor-section-height-default\" data-id=\"b7cfb4b\" data-element_type=\"section\">\n\t\t\t\t\t\t<div class=\"elementor-container elementor-column-gap-default\">\n\t\t\t\t\t<div class=\"elementor-column elementor-col-100 elementor-top-column elementor-element elementor-element-79c37aa\" data-id=\"79c37aa\" data-element_type=\"column\">\n\t\t\t<div class=\"elementor-widget-wrap elementor-element-populated\">\n\t\t\t\t\t\t<div class=\"elementor-element elementor-element-f325a95 elementor-widget elementor-widget-image\" data-id=\"f325a95\" data-element_type=\"widget\" data-widget_type=\"image.default\">\n\t\t\t\t<div class=\"elementor-widget-container\">\n\t\t\t\t\t\t\t\t\t\t\t\t\t\t\t<img decoding=\"async\" width=\"800\" height=\"500\" src=\"https:\/\/crystapc.fkit.hr\/wp-content\/uploads\/2024\/01\/2.jpg\" class=\"attachment-large size-large wp-image-1401\" alt=\"\" srcset=\"https:\/\/crystapc.fkit.hr\/wp-content\/uploads\/2024\/01\/2.jpg 800w, https:\/\/crystapc.fkit.hr\/wp-content\/uploads\/2024\/01\/2-300x188.jpg 300w, https:\/\/crystapc.fkit.hr\/wp-content\/uploads\/2024\/01\/2-768x480.jpg 768w, https:\/\/crystapc.fkit.hr\/wp-content\/uploads\/2024\/01\/2-18x12.jpg 18w\" sizes=\"(max-width: 800px) 100vw, 800px\" \/>\t\t\t\t\t\t\t\t\t\t\t\t\t\t\t<\/div>\n\t\t\t\t<\/div>\n\t\t\t\t\t<\/div>\n\t\t<\/div>\n\t\t\t\t\t<\/div>\n\t\t<\/section>\n\t\t\t\t<\/div>\n\t\t","protected":false},"excerpt":{"rendered":"<p>Na\u0161 tim je 7. prosinca 2023. posjetio Sveu\u010dili\u0161te primijenjenih znanosti FH Campus Wien. FH kampus poznat je po bliskoj povezanosti s industrijom, \u0161to studentima omogu\u0107uje stjecanje prakti\u010dnog iskustva i izravno uklju\u010divanje u istra\u017eivanje. Tijekom posjeta imali smo zadovoljstvo upoznati prof. Michaela Maurera i njegove kolege s kojima smo obi\u0161li u\u010dionice i laboratorije Zavoda za bioin\u017eenjerstvo. [&hellip;]<\/p>\n","protected":false},"author":1,"featured_media":0,"parent":0,"menu_order":0,"comment_status":"closed","ping_status":"closed","template":"","meta":{"ngg_post_thumbnail":0,"footnotes":""},"class_list":["post-1399","page","type-page","status-publish","hentry"],"_links":{"self":[{"href":"https:\/\/crystapc.fkit.hr\/index.php?rest_route=\/wp\/v2\/pages\/1399","targetHints":{"allow":["GET"]}}],"collection":[{"href":"https:\/\/crystapc.fkit.hr\/index.php?rest_route=\/wp\/v2\/pages"}],"about":[{"href":"https:\/\/crystapc.fkit.hr\/index.php?rest_route=\/wp\/v2\/types\/page"}],"author":[{"embeddable":true,"href":"https:\/\/crystapc.fkit.hr\/index.php?rest_route=\/wp\/v2\/users\/1"}],"replies":[{"embeddable":true,"href":"https:\/\/crystapc.fkit.hr\/index.php?rest_route=%2Fwp%2Fv2%2Fcomments&post=1399"}],"version-history":[{"count":7,"href":"https:\/\/crystapc.fkit.hr\/index.php?rest_route=\/wp\/v2\/pages\/1399\/revisions"}],"predecessor-version":[{"id":1512,"href":"https:\/\/crystapc.fkit.hr\/index.php?rest_route=\/wp\/v2\/pages\/1399\/revisions\/1512"}],"wp:attachment":[{"href":"https:\/\/crystapc.fkit.hr\/index.php?rest_route=%2Fwp%2Fv2%2Fmedia&parent=1399"}],"curies":[{"name":"wp","href":"https:\/\/api.w.org\/{rel}","templated":true}]}}