{"id":821,"date":"2022-11-01T11:35:23","date_gmt":"2022-11-01T10:35:23","guid":{"rendered":"https:\/\/crystapc.fkit.hr\/?page_id=821"},"modified":"2024-03-29T09:06:43","modified_gmt":"2024-03-29T08:06:43","slug":"wcpt9","status":"publish","type":"page","link":"https:\/\/crystapc.fkit.hr\/?page_id=821","title":{"rendered":"WCPT9"},"content":{"rendered":"\t\t<div data-elementor-type=\"wp-page\" data-elementor-id=\"821\" class=\"elementor elementor-821\">\n\t\t\t\t\t\t<section class=\"elementor-section elementor-top-section elementor-element elementor-element-21b6caa elementor-section-boxed elementor-section-height-default elementor-section-height-default\" data-id=\"21b6caa\" data-element_type=\"section\">\n\t\t\t\t\t\t<div class=\"elementor-container elementor-column-gap-default\">\n\t\t\t\t\t<div class=\"elementor-column elementor-col-100 elementor-top-column elementor-element elementor-element-0a1738e\" data-id=\"0a1738e\" data-element_type=\"column\">\n\t\t\t<div class=\"elementor-widget-wrap elementor-element-populated\">\n\t\t\t\t\t\t<div class=\"elementor-element elementor-element-60df07e elementor-widget elementor-widget-image\" data-id=\"60df07e\" data-element_type=\"widget\" data-widget_type=\"image.default\">\n\t\t\t\t<div class=\"elementor-widget-container\">\n\t\t\t\t\t\t\t\t\t\t\t\t\t\t\t<img fetchpriority=\"high\" decoding=\"async\" width=\"768\" height=\"125\" src=\"https:\/\/crystapc.fkit.hr\/wp-content\/uploads\/2024\/03\/retard-768x125.png\" class=\"attachment-medium_large size-medium_large wp-image-1488\" alt=\"\" srcset=\"https:\/\/crystapc.fkit.hr\/wp-content\/uploads\/2024\/03\/retard-768x125.png 768w, https:\/\/crystapc.fkit.hr\/wp-content\/uploads\/2024\/03\/retard-300x49.png 300w, https:\/\/crystapc.fkit.hr\/wp-content\/uploads\/2024\/03\/retard-1024x167.png 1024w, https:\/\/crystapc.fkit.hr\/wp-content\/uploads\/2024\/03\/retard-18x3.png 18w, https:\/\/crystapc.fkit.hr\/wp-content\/uploads\/2024\/03\/retard.png 1359w\" sizes=\"(max-width: 768px) 100vw, 768px\" \/>\t\t\t\t\t\t\t\t\t\t\t\t\t\t\t<\/div>\n\t\t\t\t<\/div>\n\t\t\t\t\t<\/div>\n\t\t<\/div>\n\t\t\t\t\t<\/div>\n\t\t<\/section>\n\t\t\t\t<section class=\"elementor-section elementor-top-section elementor-element elementor-element-6b08111 elementor-section-boxed elementor-section-height-default elementor-section-height-default\" data-id=\"6b08111\" data-element_type=\"section\">\n\t\t\t\t\t\t<div class=\"elementor-container elementor-column-gap-default\">\n\t\t\t\t\t<div class=\"elementor-column elementor-col-100 elementor-top-column elementor-element elementor-element-eda2237\" data-id=\"eda2237\" data-element_type=\"column\">\n\t\t\t<div class=\"elementor-widget-wrap elementor-element-populated\">\n\t\t\t\t\t\t<div class=\"elementor-element elementor-element-4fbbb46 elementor-widget elementor-widget-text-editor\" data-id=\"4fbbb46\" data-element_type=\"widget\" data-widget_type=\"text-editor.default\">\n\t\t\t\t<div class=\"elementor-widget-container\">\n\t\t\t\t\t\t\t\t\t<p>U organizaciji Nacionalne udruge kemi\u010dara i kemijskih in\u017eenjera \u0160panjolske (ANQUE) odr\u017ean je 9. svjetski kongres o tehnologiji \u010destica u Madridu, \u0160panjolska. S vi\u0161e od 600 sudionika iz 35 zemalja pokrivala je prakti\u010dki sva podru\u010dja vezana uz tehnologiju \u010destica. \u010clanica na\u0161eg projektnog tima Matea Gavran prisustvovala je i odr\u017eala usmeno izlaganje u sekciji Kristalizacija i talo\u017eenje.<\/p>\t\t\t\t\t\t\t\t<\/div>\n\t\t\t\t<\/div>\n\t\t\t\t\t<\/div>\n\t\t<\/div>\n\t\t\t\t\t<\/div>\n\t\t<\/section>\n\t\t\t\t<section class=\"elementor-section elementor-top-section elementor-element elementor-element-c709e65 elementor-section-boxed elementor-section-height-default elementor-section-height-default\" data-id=\"c709e65\" data-element_type=\"section\">\n\t\t\t\t\t\t<div class=\"elementor-container elementor-column-gap-default\">\n\t\t\t\t\t<div class=\"elementor-column elementor-col-100 elementor-top-column elementor-element elementor-element-49c4e58\" data-id=\"49c4e58\" data-element_type=\"column\">\n\t\t\t<div class=\"elementor-widget-wrap elementor-element-populated\">\n\t\t\t\t\t\t<div class=\"elementor-element elementor-element-d5e361f elementor-widget elementor-widget-image\" data-id=\"d5e361f\" data-element_type=\"widget\" data-widget_type=\"image.default\">\n\t\t\t\t<div class=\"elementor-widget-container\">\n\t\t\t\t\t\t\t\t\t\t\t\t\t\t\t<img decoding=\"async\" width=\"800\" height=\"450\" src=\"https:\/\/crystapc.fkit.hr\/wp-content\/uploads\/2022\/10\/madrid.jpg\" class=\"attachment-large size-large wp-image-618\" alt=\"\" srcset=\"https:\/\/crystapc.fkit.hr\/wp-content\/uploads\/2022\/10\/madrid.jpg 800w, https:\/\/crystapc.fkit.hr\/wp-content\/uploads\/2022\/10\/madrid-300x169.jpg 300w, https:\/\/crystapc.fkit.hr\/wp-content\/uploads\/2022\/10\/madrid-768x432.jpg 768w, https:\/\/crystapc.fkit.hr\/wp-content\/uploads\/2022\/10\/madrid-18x10.jpg 18w\" sizes=\"(max-width: 800px) 100vw, 800px\" \/>\t\t\t\t\t\t\t\t\t\t\t\t\t\t\t<\/div>\n\t\t\t\t<\/div>\n\t\t\t\t\t<\/div>\n\t\t<\/div>\n\t\t\t\t\t<\/div>\n\t\t<\/section>\n\t\t\t\t<\/div>\n\t\t","protected":false},"excerpt":{"rendered":"<p>U organizaciji Nacionalne udruge kemi\u010dara i kemijskih in\u017eenjera \u0160panjolske (ANQUE) odr\u017ean je 9. svjetski kongres o tehnologiji \u010destica u Madridu, \u0160panjolska. S vi\u0161e od 600 sudionika iz 35 zemalja pokrivala je prakti\u010dki sva podru\u010dja vezana uz tehnologiju \u010destica. \u010clanica na\u0161eg projektnog tima Matea Gavran prisustvovala je i odr\u017eala usmeno izlaganje u sekciji Kristalizacija i talo\u017eenje.<\/p>\n","protected":false},"author":1,"featured_media":0,"parent":0,"menu_order":0,"comment_status":"closed","ping_status":"closed","template":"","meta":{"ngg_post_thumbnail":0,"footnotes":""},"class_list":["post-821","page","type-page","status-publish","hentry"],"_links":{"self":[{"href":"https:\/\/crystapc.fkit.hr\/index.php?rest_route=\/wp\/v2\/pages\/821","targetHints":{"allow":["GET"]}}],"collection":[{"href":"https:\/\/crystapc.fkit.hr\/index.php?rest_route=\/wp\/v2\/pages"}],"about":[{"href":"https:\/\/crystapc.fkit.hr\/index.php?rest_route=\/wp\/v2\/types\/page"}],"author":[{"embeddable":true,"href":"https:\/\/crystapc.fkit.hr\/index.php?rest_route=\/wp\/v2\/users\/1"}],"replies":[{"embeddable":true,"href":"https:\/\/crystapc.fkit.hr\/index.php?rest_route=%2Fwp%2Fv2%2Fcomments&post=821"}],"version-history":[{"count":7,"href":"https:\/\/crystapc.fkit.hr\/index.php?rest_route=\/wp\/v2\/pages\/821\/revisions"}],"predecessor-version":[{"id":1584,"href":"https:\/\/crystapc.fkit.hr\/index.php?rest_route=\/wp\/v2\/pages\/821\/revisions\/1584"}],"wp:attachment":[{"href":"https:\/\/crystapc.fkit.hr\/index.php?rest_route=%2Fwp%2Fv2%2Fmedia&parent=821"}],"curies":[{"name":"wp","href":"https:\/\/api.w.org\/{rel}","templated":true}]}}