{"id":826,"date":"2022-11-01T11:36:43","date_gmt":"2022-11-01T10:36:43","guid":{"rendered":"https:\/\/crystapc.fkit.hr\/?page_id=826"},"modified":"2024-03-29T09:02:46","modified_gmt":"2024-03-29T08:02:46","slug":"ruzickini-dani","status":"publish","type":"page","link":"https:\/\/crystapc.fkit.hr\/?page_id=826","title":{"rendered":"Ru\u017ei\u010dkini dani"},"content":{"rendered":"\t\t<div data-elementor-type=\"wp-page\" data-elementor-id=\"826\" class=\"elementor elementor-826\">\n\t\t\t\t\t\t<section class=\"elementor-section elementor-top-section elementor-element elementor-element-69e9f93 elementor-section-boxed elementor-section-height-default elementor-section-height-default\" data-id=\"69e9f93\" data-element_type=\"section\">\n\t\t\t\t\t\t<div class=\"elementor-container elementor-column-gap-default\">\n\t\t\t\t\t<div class=\"elementor-column elementor-col-100 elementor-top-column elementor-element elementor-element-7c6da16\" data-id=\"7c6da16\" data-element_type=\"column\">\n\t\t\t<div class=\"elementor-widget-wrap elementor-element-populated\">\n\t\t\t\t\t\t<div class=\"elementor-element elementor-element-099c003 elementor-widget elementor-widget-image\" data-id=\"099c003\" data-element_type=\"widget\" data-widget_type=\"image.default\">\n\t\t\t\t<div class=\"elementor-widget-container\">\n\t\t\t\t\t\t\t\t\t\t\t\t\t\t\t<img fetchpriority=\"high\" decoding=\"async\" width=\"768\" height=\"125\" src=\"https:\/\/crystapc.fkit.hr\/wp-content\/uploads\/2024\/03\/retard-768x125.png\" class=\"attachment-medium_large size-medium_large wp-image-1488\" alt=\"\" srcset=\"https:\/\/crystapc.fkit.hr\/wp-content\/uploads\/2024\/03\/retard-768x125.png 768w, https:\/\/crystapc.fkit.hr\/wp-content\/uploads\/2024\/03\/retard-300x49.png 300w, https:\/\/crystapc.fkit.hr\/wp-content\/uploads\/2024\/03\/retard-1024x167.png 1024w, https:\/\/crystapc.fkit.hr\/wp-content\/uploads\/2024\/03\/retard-18x3.png 18w, https:\/\/crystapc.fkit.hr\/wp-content\/uploads\/2024\/03\/retard.png 1359w\" sizes=\"(max-width: 768px) 100vw, 768px\" \/>\t\t\t\t\t\t\t\t\t\t\t\t\t\t\t<\/div>\n\t\t\t\t<\/div>\n\t\t\t\t\t<\/div>\n\t\t<\/div>\n\t\t\t\t\t<\/div>\n\t\t<\/section>\n\t\t\t\t<section class=\"elementor-section elementor-top-section elementor-element elementor-element-0ced4ee elementor-section-boxed elementor-section-height-default elementor-section-height-default\" data-id=\"0ced4ee\" data-element_type=\"section\">\n\t\t\t\t\t\t<div class=\"elementor-container elementor-column-gap-default\">\n\t\t\t\t\t<div class=\"elementor-column elementor-col-100 elementor-top-column elementor-element elementor-element-73f7e9d\" data-id=\"73f7e9d\" data-element_type=\"column\">\n\t\t\t<div class=\"elementor-widget-wrap elementor-element-populated\">\n\t\t\t\t\t\t<div class=\"elementor-element elementor-element-99cfa1f elementor-widget elementor-widget-text-editor\" data-id=\"99cfa1f\" data-element_type=\"widget\" data-widget_type=\"text-editor.default\">\n\t\t\t\t<div class=\"elementor-widget-container\">\n\t\t\t\t\t\t\t\t\t<p>Od 21. do 23. rujna 2022. u Vukovaru je odr\u017ean znanstveno-stru\u010dni skup 19. Ru\u017ei\u010dkini dani, znanost danas \u2013 industrija sutra. Na\u0161 projektni tim sudjelovao je s dvije poster prezentacije. Iva Zoki\u0107 i Jasna Prli\u0107 Kardum prisustvovale su i pokazale rezultate svojih istra\u017eivanja Utjecaj sustava otapala na kristalnu strukturu API-ja. Prikazani su rezultati odre\u0111ivanja optimalnog profila hla\u0111enja \u0161ar\u017enog hla\u0111enja kristalizatora.<br><\/p>\t\t\t\t\t\t\t\t<\/div>\n\t\t\t\t<\/div>\n\t\t\t\t<div class=\"elementor-element elementor-element-38d81a0 elementor-widget elementor-widget-image\" data-id=\"38d81a0\" data-element_type=\"widget\" data-widget_type=\"image.default\">\n\t\t\t\t<div class=\"elementor-widget-container\">\n\t\t\t\t\t\t\t\t\t\t\t\t\t\t\t<img decoding=\"async\" width=\"258\" height=\"300\" src=\"https:\/\/crystapc.fkit.hr\/wp-content\/uploads\/2022\/10\/ruzicka-1-e1667300335302-258x300.jpg\" class=\"attachment-medium size-medium wp-image-622\" alt=\"\" srcset=\"https:\/\/crystapc.fkit.hr\/wp-content\/uploads\/2022\/10\/ruzicka-1-e1667300335302-258x300.jpg 258w, https:\/\/crystapc.fkit.hr\/wp-content\/uploads\/2022\/10\/ruzicka-1-e1667300335302-882x1024.jpg 882w, https:\/\/crystapc.fkit.hr\/wp-content\/uploads\/2022\/10\/ruzicka-1-e1667300335302-768x892.jpg 768w, https:\/\/crystapc.fkit.hr\/wp-content\/uploads\/2022\/10\/ruzicka-1-e1667300335302-10x12.jpg 10w, https:\/\/crystapc.fkit.hr\/wp-content\/uploads\/2022\/10\/ruzicka-1-e1667300335302.jpg 893w\" sizes=\"(max-width: 258px) 100vw, 258px\" \/>\t\t\t\t\t\t\t\t\t\t\t\t\t\t\t<\/div>\n\t\t\t\t<\/div>\n\t\t\t\t\t<\/div>\n\t\t<\/div>\n\t\t\t\t\t<\/div>\n\t\t<\/section>\n\t\t\t\t<\/div>\n\t\t","protected":false},"excerpt":{"rendered":"<p>Od 21. do 23. rujna 2022. u Vukovaru je odr\u017ean znanstveno-stru\u010dni skup 19. Ru\u017ei\u010dkini dani, znanost danas \u2013 industrija sutra. Na\u0161 projektni tim sudjelovao je s dvije poster prezentacije. Iva Zoki\u0107 i Jasna Prli\u0107 Kardum prisustvovale su i pokazale rezultate svojih istra\u017eivanja Utjecaj sustava otapala na kristalnu strukturu API-ja. Prikazani su rezultati odre\u0111ivanja optimalnog profila [&hellip;]<\/p>\n","protected":false},"author":1,"featured_media":0,"parent":0,"menu_order":0,"comment_status":"closed","ping_status":"closed","template":"","meta":{"ngg_post_thumbnail":0,"footnotes":""},"class_list":["post-826","page","type-page","status-publish","hentry"],"_links":{"self":[{"href":"https:\/\/crystapc.fkit.hr\/index.php?rest_route=\/wp\/v2\/pages\/826","targetHints":{"allow":["GET"]}}],"collection":[{"href":"https:\/\/crystapc.fkit.hr\/index.php?rest_route=\/wp\/v2\/pages"}],"about":[{"href":"https:\/\/crystapc.fkit.hr\/index.php?rest_route=\/wp\/v2\/types\/page"}],"author":[{"embeddable":true,"href":"https:\/\/crystapc.fkit.hr\/index.php?rest_route=\/wp\/v2\/users\/1"}],"replies":[{"embeddable":true,"href":"https:\/\/crystapc.fkit.hr\/index.php?rest_route=%2Fwp%2Fv2%2Fcomments&post=826"}],"version-history":[{"count":13,"href":"https:\/\/crystapc.fkit.hr\/index.php?rest_route=\/wp\/v2\/pages\/826\/revisions"}],"predecessor-version":[{"id":1551,"href":"https:\/\/crystapc.fkit.hr\/index.php?rest_route=\/wp\/v2\/pages\/826\/revisions\/1551"}],"wp:attachment":[{"href":"https:\/\/crystapc.fkit.hr\/index.php?rest_route=%2Fwp%2Fv2%2Fmedia&parent=826"}],"curies":[{"name":"wp","href":"https:\/\/api.w.org\/{rel}","templated":true}]}}