{"id":850,"date":"2022-11-01T11:42:07","date_gmt":"2022-11-01T10:42:07","guid":{"rendered":"https:\/\/crystapc.fkit.hr\/?page_id=850"},"modified":"2024-03-29T09:02:23","modified_gmt":"2024-03-29T08:02:23","slug":"postavljanje-laboratorija-za-kristalizaciju-i-instalacija-blaze-uredaja","status":"publish","type":"page","link":"https:\/\/crystapc.fkit.hr\/?page_id=850","title":{"rendered":"Postavljanje laboratorija za kristalizaciju i instalacija Blaze ure\u0111aja"},"content":{"rendered":"\t\t<div data-elementor-type=\"wp-page\" data-elementor-id=\"850\" class=\"elementor elementor-850\">\n\t\t\t\t\t\t<section class=\"elementor-section elementor-top-section elementor-element elementor-element-919efe2 elementor-section-boxed elementor-section-height-default elementor-section-height-default\" data-id=\"919efe2\" data-element_type=\"section\">\n\t\t\t\t\t\t<div class=\"elementor-container elementor-column-gap-default\">\n\t\t\t\t\t<div class=\"elementor-column elementor-col-100 elementor-top-column elementor-element elementor-element-ec45086\" data-id=\"ec45086\" data-element_type=\"column\">\n\t\t\t<div class=\"elementor-widget-wrap elementor-element-populated\">\n\t\t\t\t\t\t<div class=\"elementor-element elementor-element-9e9af15 elementor-widget elementor-widget-image\" data-id=\"9e9af15\" data-element_type=\"widget\" data-widget_type=\"image.default\">\n\t\t\t\t<div class=\"elementor-widget-container\">\n\t\t\t\t\t\t\t\t\t\t\t\t\t\t\t<img fetchpriority=\"high\" decoding=\"async\" width=\"768\" height=\"125\" src=\"https:\/\/crystapc.fkit.hr\/wp-content\/uploads\/2024\/03\/retard-768x125.png\" class=\"attachment-medium_large size-medium_large wp-image-1488\" alt=\"\" srcset=\"https:\/\/crystapc.fkit.hr\/wp-content\/uploads\/2024\/03\/retard-768x125.png 768w, https:\/\/crystapc.fkit.hr\/wp-content\/uploads\/2024\/03\/retard-300x49.png 300w, https:\/\/crystapc.fkit.hr\/wp-content\/uploads\/2024\/03\/retard-1024x167.png 1024w, https:\/\/crystapc.fkit.hr\/wp-content\/uploads\/2024\/03\/retard-18x3.png 18w, https:\/\/crystapc.fkit.hr\/wp-content\/uploads\/2024\/03\/retard.png 1359w\" sizes=\"(max-width: 768px) 100vw, 768px\" \/>\t\t\t\t\t\t\t\t\t\t\t\t\t\t\t<\/div>\n\t\t\t\t<\/div>\n\t\t\t\t\t<\/div>\n\t\t<\/div>\n\t\t\t\t\t<\/div>\n\t\t<\/section>\n\t\t\t\t<section class=\"elementor-section elementor-top-section elementor-element elementor-element-f663cc5 elementor-section-boxed elementor-section-height-default elementor-section-height-default\" data-id=\"f663cc5\" data-element_type=\"section\">\n\t\t\t\t\t\t<div class=\"elementor-container elementor-column-gap-default\">\n\t\t\t\t\t<div class=\"elementor-column elementor-col-100 elementor-top-column elementor-element elementor-element-57afcbb\" data-id=\"57afcbb\" data-element_type=\"column\">\n\t\t\t<div class=\"elementor-widget-wrap elementor-element-populated\">\n\t\t\t\t\t\t<div class=\"elementor-element elementor-element-ba60cb3 elementor-widget elementor-widget-text-editor\" data-id=\"ba60cb3\" data-element_type=\"widget\" data-widget_type=\"text-editor.default\">\n\t\t\t\t<div class=\"elementor-widget-container\">\n\t\t\t\t\t\t\t\t\t<p>Nedavno smo zavr\u0161ili izgradnju i pu\u0161tanje u rad na\u0161eg naprednog kristalizacijskog laboratorija. Uz podr\u0161ku tvrtke Blazemetrics i dobavlja\u010da laboratorijske opreme ugradili smo najsuvremeniji procesni mikroskop za istra\u017eivanje i razvoj procesa kristalizacije. Instalirani Blaze 900 je laserski mikroskop s integriranom Raman optikom specijaliziran za mjerenje signala \u010destica. Ure\u0111aj \u0107e ubrzati razvoj procesa i pra\u0107enje davanjem to\u010dnih podataka o Ramanovom spektru \u010destica, obliku kristala i distribuciji veli\u010dine kristala u stvarnom vremenu.<\/p>\t\t\t\t\t\t\t\t<\/div>\n\t\t\t\t<\/div>\n\t\t\t\t\t<\/div>\n\t\t<\/div>\n\t\t\t\t\t<\/div>\n\t\t<\/section>\n\t\t\t\t<section class=\"elementor-section elementor-top-section elementor-element elementor-element-2305bf1 elementor-section-boxed elementor-section-height-default elementor-section-height-default\" data-id=\"2305bf1\" data-element_type=\"section\">\n\t\t\t\t\t\t<div class=\"elementor-container elementor-column-gap-default\">\n\t\t\t\t\t<div class=\"elementor-column elementor-col-100 elementor-top-column elementor-element elementor-element-e7d488f\" data-id=\"e7d488f\" data-element_type=\"column\">\n\t\t\t<div class=\"elementor-widget-wrap elementor-element-populated\">\n\t\t\t\t\t\t<div class=\"elementor-element elementor-element-0c484e1 elementor-widget elementor-widget-image\" data-id=\"0c484e1\" data-element_type=\"widget\" data-widget_type=\"image.default\">\n\t\t\t\t<div class=\"elementor-widget-container\">\n\t\t\t\t\t\t\t\t\t\t\t\t\t\t\t<img decoding=\"async\" width=\"768\" height=\"512\" src=\"https:\/\/crystapc.fkit.hr\/wp-content\/uploads\/2022\/06\/image-1-768x512.png\" class=\"attachment-medium_large size-medium_large wp-image-570\" alt=\"\" srcset=\"https:\/\/crystapc.fkit.hr\/wp-content\/uploads\/2022\/06\/image-1-768x512.png 768w, https:\/\/crystapc.fkit.hr\/wp-content\/uploads\/2022\/06\/image-1-300x200.png 300w, https:\/\/crystapc.fkit.hr\/wp-content\/uploads\/2022\/06\/image-1-1024x683.png 1024w, https:\/\/crystapc.fkit.hr\/wp-content\/uploads\/2022\/06\/image-1-18x12.png 18w, https:\/\/crystapc.fkit.hr\/wp-content\/uploads\/2022\/06\/image-1-930x620.png 930w, https:\/\/crystapc.fkit.hr\/wp-content\/uploads\/2022\/06\/image-1.png 1500w\" sizes=\"(max-width: 768px) 100vw, 768px\" \/>\t\t\t\t\t\t\t\t\t\t\t\t\t\t\t<\/div>\n\t\t\t\t<\/div>\n\t\t\t\t\t<\/div>\n\t\t<\/div>\n\t\t\t\t\t<\/div>\n\t\t<\/section>\n\t\t\t\t<\/div>\n\t\t","protected":false},"excerpt":{"rendered":"<p>Nedavno smo zavr\u0161ili izgradnju i pu\u0161tanje u rad na\u0161eg naprednog kristalizacijskog laboratorija. Uz podr\u0161ku tvrtke Blazemetrics i dobavlja\u010da laboratorijske opreme ugradili smo najsuvremeniji procesni mikroskop za istra\u017eivanje i razvoj procesa kristalizacije. Instalirani Blaze 900 je laserski mikroskop s integriranom Raman optikom specijaliziran za mjerenje signala \u010destica. Ure\u0111aj \u0107e ubrzati razvoj procesa i pra\u0107enje davanjem to\u010dnih [&hellip;]<\/p>\n","protected":false},"author":1,"featured_media":0,"parent":0,"menu_order":0,"comment_status":"closed","ping_status":"closed","template":"","meta":{"ngg_post_thumbnail":0,"footnotes":""},"class_list":["post-850","page","type-page","status-publish","hentry"],"_links":{"self":[{"href":"https:\/\/crystapc.fkit.hr\/index.php?rest_route=\/wp\/v2\/pages\/850","targetHints":{"allow":["GET"]}}],"collection":[{"href":"https:\/\/crystapc.fkit.hr\/index.php?rest_route=\/wp\/v2\/pages"}],"about":[{"href":"https:\/\/crystapc.fkit.hr\/index.php?rest_route=\/wp\/v2\/types\/page"}],"author":[{"embeddable":true,"href":"https:\/\/crystapc.fkit.hr\/index.php?rest_route=\/wp\/v2\/users\/1"}],"replies":[{"embeddable":true,"href":"https:\/\/crystapc.fkit.hr\/index.php?rest_route=%2Fwp%2Fv2%2Fcomments&post=850"}],"version-history":[{"count":7,"href":"https:\/\/crystapc.fkit.hr\/index.php?rest_route=\/wp\/v2\/pages\/850\/revisions"}],"predecessor-version":[{"id":1548,"href":"https:\/\/crystapc.fkit.hr\/index.php?rest_route=\/wp\/v2\/pages\/850\/revisions\/1548"}],"wp:attachment":[{"href":"https:\/\/crystapc.fkit.hr\/index.php?rest_route=%2Fwp%2Fv2%2Fmedia&parent=850"}],"curies":[{"name":"wp","href":"https:\/\/api.w.org\/{rel}","templated":true}]}}